{"id":3,"date":"2019-10-08T19:04:08","date_gmt":"2019-10-08T19:04:08","guid":{"rendered":"https:\/\/efeuplan.de\/?page_id=3"},"modified":"2024-05-12T17:37:23","modified_gmt":"2024-05-12T17:37:23","slug":"privacy-policy","status":"publish","type":"page","link":"https:\/\/efeuplan.de\/index.php\/privacy-policy\/","title":{"rendered":"Datenschutzerkl\u00e4rung\/Privacy Policy"},"content":{"rendered":"\n<p>Efeuplan.de ist zu 100 % konform mit der Datenschutz-Grundverordnung (DSGVO). Um mehr dar\u00fcber zu erfahren, wie wir Ihre pers\u00f6nlichen Informationen gem\u00e4\u00df der DSGVO erheben, aufbewahren und verarbeiten, lesen Sie bitte unsere Datenschutzrichtlinie.<\/p>\n\n\n\n<p>Gem\u00e4\u00df der Datenschutz-Grundverordnung (DSGVO) \/ Verordnung (EU) 2016\/679 sind wir gesetzlich dazu verpflichtet, s\u00e4mtliche Informationen, die wir \u00fcber Sie erheben, zu sch\u00fctzen. Die in dieser E-Mail enthaltenen Informationen und s\u00e4mtliche Anh\u00e4nge sind m\u00f6glicherweise vertraulich und nur f\u00fcr den ausschlie\u00dflichen Gebrauch des urspr\u00fcnglichen Empf\u00e4ngers bestimmt. Sollten Sie diese E-Mail irrt\u00fcmlich erhalten haben, informieren Sie bitte umgehend den Absender, und l\u00f6schen Sie die E-Mail in Ihrem Postfach und anschlie\u00dfend im Papierkorb.<\/p>\n\n\n\n<p>Die E-Mail und s\u00e4mtliche damit gesendete Dateien\/Anh\u00e4nge sind vertraulich und ausschlie\u00dflich f\u00fcr die Einzelperson oder das Unternehmen bestimmt, an die\/das die E-Mail adressiert ist. Wenn Sie diese Nachricht irrt\u00fcmlich erhalten haben, d\u00fcrfen Sie die darin enthaltenen Informationen nicht kopieren, verbreiten oder offenlegen. Bitte benachrichtigen Sie uns umgehend dar\u00fcber und l\u00f6schen Sie die Nachricht von Ihrem System.<\/p>\n\n\n\n<p>Efeuplan.de hat sich der Sicherheit und dem Schutz von pers\u00f6nlichen Daten verpflichtet, die wir verarbeiten, und auch der Verwendung eines konformen und einheitlichen Datenschutzansatzes. Wenn Sie Fragen bez\u00fcglich unserer DSGVO-Konformit\u00e4t besitzen, wenden Sie sich bitte an unseren Datenschutzbeauftragten oder stellen Sie eine Anfrage auf Auskunft.<\/p>\n\n\n\n<p>Sie erhalten diese E-Mail, weil Sie sich bei Efeuplan.de daf\u00fcr angemeldet haben. Wenn Sie diese Art der Kommunikation jedoch nicht mehr erhalten m\u00f6chten, klicken Sie bitte hier, um sich abzumelden, oder klicken Sie hier, um Ihre Einstellungen zu \u00e4ndern.<\/p>\n\n\n\n<h3>Comments<\/h3>\n\n\n\n<p>When visitors leave comments on the site we collect the data shown in the comments form, and also the visitor\u2019s IP address and browser user agent string to help spam detection.<\/p>\n\n\n\n<p>An anonymized string created from your email address (also called a hash) may be provided to the Gravatar service to see if you are using it. The Gravatar service privacy policy is available here: https:\/\/automattic.com\/privacy\/. After approval of your comment, your profile picture is visible to the public in the context of your comment.<\/p>\n\n\n\n<h3>Media<\/h3>\n\n\n\n<p>If you upload images to the website, you should avoid uploading images with embedded location data (EXIF GPS) included. Visitors to the website can download and extract any location data from images on the website.<\/p>\n\n\n\n<h3>Contact forms<\/h3>\n\n\n\n<p>post[at]efeuplan.de<\/p>\n\n\n\n<p>030\/21025975<\/p>\n\n\n\n<h3>Cookies<\/h3>\n\n\n\n<p>If you leave a comment on our site you may opt-in to saving your name, email address and website in cookies. These are for your convenience so that you do not have to fill in your details again when you leave another comment. These cookies will last for one year.<\/p>\n\n\n\n<p>If you visit our login page, we will set a temporary cookie to determine if your browser accepts cookies. This cookie contains no personal data and is discarded when you close your browser.<\/p>\n\n\n\n<p>When you log in, we will also set up several cookies to save your login information and your screen display choices. Login cookies last for two days, and screen options cookies last for a year. If you select &#8222;Remember Me&#8220;, your login will persist for two weeks. If you log out of your account, the login cookies will be removed.<\/p>\n\n\n\n<p>If you edit or publish an article, an additional cookie will be saved in your browser. This cookie includes no personal data and simply indicates the post ID of the article you just edited. It expires after 1 day.<\/p>\n\n\n\n<h3>Embedded content from other websites<\/h3>\n\n\n\n<p>Articles on this site may include embedded content (e.g. videos, images, articles, etc.). Embedded content from other websites behaves in the exact same way as if the visitor has visited the other website.<\/p>\n\n\n\n<p>These websites may collect data about you, use cookies, embed additional third-party tracking, and monitor your interaction with that embedded content, including tracking your interaction with the embedded content if you have an account and are logged in to that website.<\/p>\n\n\n\n<h3>Analytics<\/h3>\n\n\n\n<h2>Who we share your data with<\/h2>\n\n\n\n<h2>How long we retain your data<\/h2>\n\n\n\n<p>If you leave a comment, the comment and its metadata are retained indefinitely. This is so we can recognize and approve any follow-up comments automatically instead of holding them in a moderation queue.<\/p>\n\n\n\n<p>For users that register on our website (if any), we also store the personal information they provide in their user profile. All users can see, edit, or delete their personal information at any time (except they cannot change their username). Website administrators can also see and edit that information.<\/p>\n\n\n\n<h2>What rights you have over your data<\/h2>\n\n\n\n<p>If you have an account on this site, or have left comments, you can request to receive an exported file of the personal data we hold about you, including any data you have provided to us. You can also request that we erase any personal data we hold about you. This does not include any data we are obliged to keep for administrative, legal, or security purposes.<\/p>\n\n\n\n<h2>Where we send your data<\/h2>\n\n\n\n<p>Visitor comments may be checked through an automated spam detection service.<\/p>\n","protected":false},"excerpt":{"rendered":"<p>Efeuplan.de ist zu 100 % konform mit der Datenschutz-Grundverordnung (DSGVO). Um mehr dar\u00fcber zu erfahren, wie wir Ihre pers\u00f6nlichen Informationen gem\u00e4\u00df der DSGVO erheben, aufbewahren und verarbeiten, lesen Sie bitte unsere Datenschutzrichtlinie. Gem\u00e4\u00df der Datenschutz-Grundverordnung (DSGVO) \/ Verordnung (EU) 2016\/679 sind wir gesetzlich dazu verpflichtet, s\u00e4mtliche Informationen, die wir \u00fcber Sie erheben, zu sch\u00fctzen. Die &hellip; <\/p>\n<p class=\"link-more\"><a href=\"https:\/\/efeuplan.de\/index.php\/privacy-policy\/\" class=\"more-link\"><span class=\"screen-reader-text\">\u201eDatenschutzerkl\u00e4rung\/Privacy Policy\u201c<\/span> weiterlesen<\/a><\/p>\n","protected":false},"author":1,"featured_media":0,"parent":0,"menu_order":0,"comment_status":"closed","ping_status":"open","template":"","meta":[],"_links":{"self":[{"href":"https:\/\/efeuplan.de\/index.php\/wp-json\/wp\/v2\/pages\/3"}],"collection":[{"href":"https:\/\/efeuplan.de\/index.php\/wp-json\/wp\/v2\/pages"}],"about":[{"href":"https:\/\/efeuplan.de\/index.php\/wp-json\/wp\/v2\/types\/page"}],"author":[{"embeddable":true,"href":"https:\/\/efeuplan.de\/index.php\/wp-json\/wp\/v2\/users\/1"}],"replies":[{"embeddable":true,"href":"https:\/\/efeuplan.de\/index.php\/wp-json\/wp\/v2\/comments?post=3"}],"version-history":[{"count":5,"href":"https:\/\/efeuplan.de\/index.php\/wp-json\/wp\/v2\/pages\/3\/revisions"}],"predecessor-version":[{"id":126,"href":"https:\/\/efeuplan.de\/index.php\/wp-json\/wp\/v2\/pages\/3\/revisions\/126"}],"wp:attachment":[{"href":"https:\/\/efeuplan.de\/index.php\/wp-json\/wp\/v2\/media?parent=3"}],"curies":[{"name":"wp","href":"https:\/\/api.w.org\/{rel}","templated":true}]}}