{"id":65,"date":"2019-10-13T14:28:08","date_gmt":"2019-10-13T14:28:08","guid":{"rendered":"https:\/\/efeuplan.de\/?page_id=65"},"modified":"2019-10-13T16:03:09","modified_gmt":"2019-10-13T16:03:09","slug":"selbstklimmer-2","status":"publish","type":"page","link":"https:\/\/efeuplan.de\/index.php\/selbstklimmer-2\/","title":{"rendered":"Stickoxid (NO2)"},"content":{"rendered":"\n<ul><li>verursacht rund <strong>6.000 vorzeitige\u00a0<\/strong><a href=\"https:\/\/de.wikipedia.org\/wiki\/Todesfall\"><strong>Todesf\u00e4lle<\/strong><\/a>\u00a0aufgrund von\u00a0<a href=\"https:\/\/de.wikipedia.org\/wiki\/Herz-Kreislauf-Erkrankung\">Herz-Kreislauf-Erkrankungen<\/a> (<a rel=\"noreferrer noopener\" aria-label=\" (\u00f6ffnet in neuem Tab)\" href=\"https:\/\/www.umweltbundesamt.de\/sites\/default\/files\/medien\/479\/publikationen\/uba_factsheet_krankheitslasten_no2.pdf\" target=\"_blank\">Umweltbundesamt<\/a>).<\/li><li>wird von Efeu <strong>\u00fcber die Spalt\u00f6ffnungen und die Blattoberfl\u00e4che aufgenommen<\/strong>.<\/li><\/ul>\n\n\n\n<!--more-->\n\n\n\n<p>Henrik Saxe: Stomatal\u2010dependent and stomatal\u2010independent uptake of NOx, in <a href=\"https:\/\/nph.onlinelibrary.wiley.com\/doi\/abs\/10.1111\/j.1469-8137.1986.tb00608.x\">New Phytologist Trust<\/a><\/p>\n\n\n\n<p>Hier nach werden <strong>19 %<\/strong> des NO2 aus der Luft aufgenommen. Damit w\u00fcrde beispielsweise eine Konzentration von ca. 50 \u00b5g\/m\u00b3, der in vielen St\u00e4dten im Durchschnitt herrscht, auf unter den Grenzwert von 40 \u00b5g \/m\u00b3 reduziert werden k\u00f6nnen. <\/p>\n\n\n\n<figure class=\"wp-block-image\"><img loading=\"lazy\" width=\"224\" height=\"300\" src=\"https:\/\/efeuplan.de\/wp-content\/uploads\/2019\/10\/d-karte-1-224x300.jpg\" alt=\"NO2 in Deutschland\" class=\"wp-image-74\" srcset=\"https:\/\/efeuplan.de\/wp-content\/uploads\/2019\/10\/d-karte-1-224x300.jpg 224w, https:\/\/efeuplan.de\/wp-content\/uploads\/2019\/10\/d-karte-1-768x1029.jpg 768w, https:\/\/efeuplan.de\/wp-content\/uploads\/2019\/10\/d-karte-1-764x1024.jpg 764w, https:\/\/efeuplan.de\/wp-content\/uploads\/2019\/10\/d-karte-1.jpg 1322w\" sizes=\"(max-width: 224px) 100vw, 224px\" \/><\/figure>\n","protected":false},"excerpt":{"rendered":"<p>verursacht rund 6.000 vorzeitige\u00a0Todesf\u00e4lle\u00a0aufgrund von\u00a0Herz-Kreislauf-Erkrankungen (Umweltbundesamt). wird von Efeu \u00fcber die Spalt\u00f6ffnungen und die Blattoberfl\u00e4che aufgenommen.<\/p>\n","protected":false},"author":1,"featured_media":0,"parent":0,"menu_order":0,"comment_status":"closed","ping_status":"closed","template":"","meta":[],"_links":{"self":[{"href":"https:\/\/efeuplan.de\/index.php\/wp-json\/wp\/v2\/pages\/65"}],"collection":[{"href":"https:\/\/efeuplan.de\/index.php\/wp-json\/wp\/v2\/pages"}],"about":[{"href":"https:\/\/efeuplan.de\/index.php\/wp-json\/wp\/v2\/types\/page"}],"author":[{"embeddable":true,"href":"https:\/\/efeuplan.de\/index.php\/wp-json\/wp\/v2\/users\/1"}],"replies":[{"embeddable":true,"href":"https:\/\/efeuplan.de\/index.php\/wp-json\/wp\/v2\/comments?post=65"}],"version-history":[{"count":4,"href":"https:\/\/efeuplan.de\/index.php\/wp-json\/wp\/v2\/pages\/65\/revisions"}],"predecessor-version":[{"id":81,"href":"https:\/\/efeuplan.de\/index.php\/wp-json\/wp\/v2\/pages\/65\/revisions\/81"}],"wp:attachment":[{"href":"https:\/\/efeuplan.de\/index.php\/wp-json\/wp\/v2\/media?parent=65"}],"curies":[{"name":"wp","href":"https:\/\/api.w.org\/{rel}","templated":true}]}}