{"id":7,"date":"2019-10-08T19:15:10","date_gmt":"2019-10-08T19:15:10","guid":{"rendered":"https:\/\/efeuplan.de\/?page_id=7"},"modified":"2024-05-12T17:31:13","modified_gmt":"2024-05-12T17:31:13","slug":"foerderung","status":"publish","type":"page","link":"https:\/\/efeuplan.de\/","title":{"rendered":"Was machen 36 Milliarden Tonnen CO2 mit unserer Atmosph\u00e4re?"},"content":{"rendered":"\n<p>Jeder Stoff im Vakuum wird durch elektromagnetische Wellen, wie das Sonnenlicht, angeregt. Durch die Schwingung entsteht W\u00e4rme. Dies bedeutet, egal was zus\u00e4tzlich in die Atmosph\u00e4re kommt, es heizt sie auf.<\/p>\n\n\n\n<figure class=\"wp-block-image size-full\"><img loading=\"lazy\" width=\"225\" height=\"225\" src=\"https:\/\/efeuplan.de\/wp-content\/uploads\/2022\/11\/zahnrad.png\" alt=\"\" class=\"wp-image-114\" srcset=\"https:\/\/efeuplan.de\/wp-content\/uploads\/2022\/11\/zahnrad.png 225w, https:\/\/efeuplan.de\/wp-content\/uploads\/2022\/11\/zahnrad-150x150.png 150w, https:\/\/efeuplan.de\/wp-content\/uploads\/2022\/11\/zahnrad-100x100.png 100w\" sizes=\"(max-width: 225px) 100vw, 225px\" \/><\/figure>\n\n\n\n<p>Ist CO2 nicht gut f\u00fcr die Pflanzen? Ja, aber nur soviel, dass es nicht die Atmosph\u00e4re aufheizt. Das Aufheizen ist n\u00e4mlich im Ergebnis schlecht und f\u00fchrt zur W\u00fcstenbildung.<\/p>\n\n\n\n<p>Was hat dies mit Deutschland zu tun? Deutschland ist unsere Heimat und die gilt es zu sch\u00fctzen. Wenn wir es schaffen unseren CO2 zu reduzieren oder viel wieder zur\u00fcckzugewinnen, werden es andere uns gleich tun und wir werden weniger die Folgen des Klimawandels sp\u00fcren. Wir sch\u00fctzen unsere Heimat.<\/p>\n\n\n\n<p><\/p>\n\n\n\n<p><\/p>\n","protected":false},"excerpt":{"rendered":"<p>Jeder Stoff im Vakuum wird durch elektromagnetische Wellen, wie das Sonnenlicht, angeregt. Durch die Schwingung entsteht W\u00e4rme. Dies bedeutet, egal was zus\u00e4tzlich in die Atmosph\u00e4re kommt, es heizt sie auf. Ist CO2 nicht gut f\u00fcr die Pflanzen? Ja, aber nur soviel, dass es nicht die Atmosph\u00e4re aufheizt. Das Aufheizen ist n\u00e4mlich im Ergebnis schlecht und &hellip; <\/p>\n<p class=\"link-more\"><a href=\"https:\/\/efeuplan.de\/\" class=\"more-link\"><span class=\"screen-reader-text\">\u201eWas machen 36 Milliarden Tonnen CO2 mit unserer Atmosph\u00e4re?\u201c<\/span> weiterlesen<\/a><\/p>\n","protected":false},"author":1,"featured_media":0,"parent":0,"menu_order":1,"comment_status":"closed","ping_status":"closed","template":"","meta":[],"_links":{"self":[{"href":"https:\/\/efeuplan.de\/index.php\/wp-json\/wp\/v2\/pages\/7"}],"collection":[{"href":"https:\/\/efeuplan.de\/index.php\/wp-json\/wp\/v2\/pages"}],"about":[{"href":"https:\/\/efeuplan.de\/index.php\/wp-json\/wp\/v2\/types\/page"}],"author":[{"embeddable":true,"href":"https:\/\/efeuplan.de\/index.php\/wp-json\/wp\/v2\/users\/1"}],"replies":[{"embeddable":true,"href":"https:\/\/efeuplan.de\/index.php\/wp-json\/wp\/v2\/comments?post=7"}],"version-history":[{"count":14,"href":"https:\/\/efeuplan.de\/index.php\/wp-json\/wp\/v2\/pages\/7\/revisions"}],"predecessor-version":[{"id":121,"href":"https:\/\/efeuplan.de\/index.php\/wp-json\/wp\/v2\/pages\/7\/revisions\/121"}],"wp:attachment":[{"href":"https:\/\/efeuplan.de\/index.php\/wp-json\/wp\/v2\/media?parent=7"}],"curies":[{"name":"wp","href":"https:\/\/api.w.org\/{rel}","templated":true}]}}