{"id":85,"date":"2019-10-13T16:04:10","date_gmt":"2019-10-13T16:04:10","guid":{"rendered":"https:\/\/efeuplan.de\/?page_id=85"},"modified":"2019-11-17T16:15:20","modified_gmt":"2019-11-17T16:15:20","slug":"energie","status":"publish","type":"page","link":"https:\/\/efeuplan.de\/index.php\/energie\/","title":{"rendered":"Energieeinsparung und weitere Vorteile"},"content":{"rendered":"\n<p>Untersuchungen haben ergeben, dass der begr\u00fcnte Teil einer Fassade eine verbesserte W\u00e4rmed\u00e4mmung um bis zu 21 % aufgrund des Windschattens aufweist. Im Sommer wird die Wand durch den Schatten gek\u00fchlt.<\/p>\n\n\n\n<!--more-->\n\n\n\n<p>Tudiwer, David; Hinterseer, Simon; Korenic Azra (2015): Endbericht &#8211; Erforschung von Gr\u00fcnfassaden hinsichtlich deren w\u00e4rmed\u00e4mmenden Wirkung mittels fl\u00e4chigen W\u00e4rmeflussmessunge. Wien, Technische Universit\u00e4t Wien<\/p>\n\n\n\n<p>Weitere Vorteile einer begr\u00fcnten Fassade sind:<\/p>\n\n\n\n<p><strong>Mikroklima<\/strong>  Begrenzung von Temperaturextremen (Schatten und Windschatten) Befeuchten der Luft: k\u00fchler und angenehmere Luft<\/p>\n\n\n\n<p><strong>Wassermanagement<\/strong>  Wasserspeicherung und Reduktion von Abwasserspitzen bei hohem Niederschlag<\/p>\n\n\n\n<p><strong>Immobilienwert <\/strong> H\u00f6her in der N\u00e4he von Gr\u00fcn<\/p>\n\n\n\n<p><strong>Seelische Gesundheit<\/strong>  Wohlbefinden (entgegen Stadtneurose), Heimat, Zu- &amp; Zusammengeh\u00f6rigkeit<\/p>\n\n\n\n<p><strong>Biodiversit\u00e4t <\/strong>Lebensraum f\u00fcr viele Lebewesen<\/p>\n\n\n\n<p><strong>Treibhauseffekt <\/strong>Fixierung von CO2<\/p>\n\n\n\n<p><strong>\u00c4sthetik<\/strong>  Versch\u00f6nerung von Stra\u00dfen, Wohnvierteln und \u00f6ffentlichen Anlagen<\/p>\n\n\n\n<p><strong>L\u00e4rm<\/strong>  vermindert L\u00e4rm<\/p>\n","protected":false},"excerpt":{"rendered":"<p>Untersuchungen haben ergeben, dass der begr\u00fcnte Teil einer Fassade eine verbesserte W\u00e4rmed\u00e4mmung um bis zu 21 % aufgrund des Windschattens aufweist. Im Sommer wird die Wand durch den Schatten gek\u00fchlt.<\/p>\n","protected":false},"author":1,"featured_media":0,"parent":0,"menu_order":0,"comment_status":"closed","ping_status":"closed","template":"","meta":[],"_links":{"self":[{"href":"https:\/\/efeuplan.de\/index.php\/wp-json\/wp\/v2\/pages\/85"}],"collection":[{"href":"https:\/\/efeuplan.de\/index.php\/wp-json\/wp\/v2\/pages"}],"about":[{"href":"https:\/\/efeuplan.de\/index.php\/wp-json\/wp\/v2\/types\/page"}],"author":[{"embeddable":true,"href":"https:\/\/efeuplan.de\/index.php\/wp-json\/wp\/v2\/users\/1"}],"replies":[{"embeddable":true,"href":"https:\/\/efeuplan.de\/index.php\/wp-json\/wp\/v2\/comments?post=85"}],"version-history":[{"count":4,"href":"https:\/\/efeuplan.de\/index.php\/wp-json\/wp\/v2\/pages\/85\/revisions"}],"predecessor-version":[{"id":96,"href":"https:\/\/efeuplan.de\/index.php\/wp-json\/wp\/v2\/pages\/85\/revisions\/96"}],"wp:attachment":[{"href":"https:\/\/efeuplan.de\/index.php\/wp-json\/wp\/v2\/media?parent=85"}],"curies":[{"name":"wp","href":"https:\/\/api.w.org\/{rel}","templated":true}]}}